{"id":2,"date":"2010-11-05T22:27:19","date_gmt":"2010-11-05T21:27:19","guid":{"rendered":"http:\/\/hosenseidl.com\/wp\/?page_id=2"},"modified":"2021-11-05T22:55:36","modified_gmt":"2021-11-05T21:55:36","slug":"eine-seite","status":"publish","type":"page","link":"http:\/\/hosenseidl.com\/?page_id=2","title":{"rendered":"Das Chalet"},"content":{"rendered":"\n<p>Das Chalet liegt auf der Sonnenterrasse Lauchernalp im L\u00f6tschental (Wallis, Schweiz). Nach umfangreichen <meta charset=\"utf-8\">Umbauma\u00dfnahmen, <meta charset=\"utf-8\">erscheint dies nun in neuem Glanz. Eine Photovoltaik-Anlage versorgt Sie in Ihrem Urlaub mit Strom und der gro\u00dfe Balkon l\u00e4dt zum verweilen an der frischen Luft ein.<\/p>\n\n\n\n<p><meta charset=\"utf-8\"><script type=\"text\/javascript\">\r\ndocument.addEventListener(\"DOMContentLoaded\", function(event) { \r\n\tjQuery( '#slider-pro-3-210' ).sliderPro({\r\n\t\t\/\/width\r\n\t\t\t\twidth: 1000,\r\n\t\t\t\t\r\n\t\t\/\/height\r\n\t\t\t\tautoHeight: true,\r\n\t\t\t\t\r\n\t\t\/\/auto play\r\n\t\t\t\tautoplay:  true,\r\n\t\tautoplayOnHover: 'none',\r\n\t\t\t\t\t\t\t\tautoplayDelay: 5000,\r\n\t\t\r\n\t\t\r\n\t\tarrows: true,\r\n\t\tbuttons: true,\r\n\t\tsmallSize: 500,\r\n\t\tmediumSize: 1000,\r\n\t\tlargeSize: 3000,\r\n\t\tfade: true,\r\n\t\t\r\n\t\t\/\/thumbnail\r\n\t\tthumbnailArrows: true,\r\n\t\tthumbnailWidth: 120,\r\n\t\tthumbnailHeight: 120,\r\n\t\t\t\t\t\t\t\tcenterImage: true,\r\n\t\timageScaleMode: 'cover',\r\n\t\tallowScaleUp: true,\r\n\t\t\t\tstartSlide: 0,\r\n\t\tloop: true,\r\n\t\tslideDistance: 5,\r\n\t\tautoplayDirection: 'normal',\r\n\t\ttouchSwipe: true,\r\n\t\tfullScreen: true,\r\n\t});\r\n});\r\n<\/script>\r\n<style>\r\n\/* Layout 3 *\/\r\n\/* border *\/\r\n#slider-pro-3-210 .sp-selected-thumbnail {\r\n\tborder: 4px solid #000000;\r\n}\r\n\r\n\/* font + color *\/\r\n.title-in  {\r\n\tfont-family: Arial !important;\r\n\tcolor: #FFFFFF !important;\r\n\tbackground-color: #000000 !important;\r\n\topacity: 0.7 !important;\r\n}\r\n.desc-in  {\r\n\tfont-family: Arial !important;\r\n\tcolor: #FFFFFF !important;\r\n\tbackground-color: #00000 !important;\r\n\topacity: 0.7 !important;\r\n}\r\n\r\n\/* bullets color *\/\r\n.sp-button  {\r\n\tborder: 2px solid #000000 !important;\r\n}\r\n.sp-selected-button  {\r\n\tbackground-color: #000000 !important;\r\n}\r\n\r\n\/* pointer color - bottom *\/\r\n\r\n\/* pointer color - top *\/\r\n\r\n\/* full screen icon *\/\r\n.sp-full-screen-button::before {\r\n    color: #FFFFFF !important;\r\n}\r\n\r\n\/* hover navigation icon color *\/\r\n.sp-next-arrow::after, .sp-next-arrow::before {\r\n\tbackground-color: #FFFFFF !important;\r\n}\r\n.sp-previous-arrow::after, .sp-previous-arrow::before {\r\n\tbackground-color: #FFFFFF !important;\r\n}\r\n\r\n#slider-pro-3-210 .title-in {\r\n\tcolor: #FFFFFF !important;\r\n\tfont-weight: bolder;\r\n\ttext-align: center;\r\n}\r\n\r\n#slider-pro-3-210 .title-in-bg {\r\n\tbackground: rgba(255, 255, 255, 0.7); !important;\r\n\twhite-space: unset !important;\r\n\tmax-width: 90%;\r\n\tmin-width: 40%;\r\n\ttransform: initial !important;\r\n\t-webkit-transform: initial !important;\r\n\tfont-size: 14px !important;\r\n}\r\n\r\n#slider-pro-3-210 .desc-in {\r\n\tcolor: #FFFFFF !important;\r\n\ttext-align: center;\r\n}\r\n#slider-pro-3-210 .desc-in-bg {\r\n\tbackground: rgba(#00000, 0.7) !important;\r\n\twhite-space: unset !important;\r\n\twidth: 80% !important;\r\n\tmin-width: 30%;\r\n\ttransform: initial !important;\r\n\t-webkit-transform: initial !important;\r\n\tfont-size: 13px !important;\r\n}\r\n\r\n@media (max-width: 640px) {\r\n\t#slider-pro-3-210 .hide-small-screen {\r\n\t\tdisplay: none;\r\n\t}\r\n}\r\n\r\n@media (max-width: 860px) {\r\n\t#slider-pro-3-210 .sp-layer {\r\n\t\tfont-size: 18px;\r\n\t}\r\n\t\r\n\t#slider-pro-3-210 .hide-medium-screen {\r\n\t\tdisplay: none;\r\n\t}\r\n}\r\n.slides-not-found {\r\n\tbackground-color: #a92929;\r\n\tborder-radius: 5px;\r\n\tcolor: #fff;\r\n\tfont-family: initial;\r\n\ttext-align: center;\r\n\tpadding:12px;\r\n}\r\n\/* Custom CSS *\/\r\n<\/style>\r\n\t\t<div id=\"slider-pro-3-210\" class=\"slider-pro\">\r\n\t\t\t<!---- slides div start ---->\r\n\t\t\t<div class=\"sp-slides\">\r\n\t\t\t\t\t\t\t\t\t\t<div class=\"sp-slide\">\r\n\t\t\t\t\t\t\t<img class=\"sp-image\" alt=\"Solar-Chalet Lichtblick\" src=\"http:\/\/hosenseidl.com\/wp\/wp-content\/plugins\/ultimate-responsive-image-slider\/assets\/css\/images\/blank.gif\" data-src=\"http:\/\/hosenseidl.com\/wp\/wp-content\/uploads\/2021\/11\/DSCF0730-scaled.jpg\" \/>\r\n\r\n\t\t\t\t\t\t\t\r\n\t\t\t\t\t\t\t\t\t\t\t\t\t<\/div>\r\n\t\t\t\t\t\t\t\t\t\t\t\t<div class=\"sp-slide\">\r\n\t\t\t\t\t\t\t<img class=\"sp-image\" alt=\"Balkon\" src=\"http:\/\/hosenseidl.com\/wp\/wp-content\/plugins\/ultimate-responsive-image-slider\/assets\/css\/images\/blank.gif\" data-src=\"http:\/\/hosenseidl.com\/wp\/wp-content\/uploads\/2020\/03\/7C921910-8EDB-4D7D-9687-526918357AE2.jpeg\" \/>\r\n\r\n\t\t\t\t\t\t\t\r\n\t\t\t\t\t\t\t\t\t\t\t\t\t<\/div>\r\n\t\t\t\t\t\t\t\t\t\t\t\t<div class=\"sp-slide\">\r\n\t\t\t\t\t\t\t<img class=\"sp-image\" alt=\"DSCF0739\" src=\"http:\/\/hosenseidl.com\/wp\/wp-content\/plugins\/ultimate-responsive-image-slider\/assets\/css\/images\/blank.gif\" data-src=\"http:\/\/hosenseidl.com\/wp\/wp-content\/uploads\/2021\/11\/DSCF0739-scaled.jpg\" \/>\r\n\r\n\t\t\t\t\t\t\t\r\n\t\t\t\t\t\t\t\t\t\t\t\t\t<\/div>\r\n\t\t\t\t\t\t\t\t\t\t\t\t<div class=\"sp-slide\">\r\n\t\t\t\t\t\t\t<img class=\"sp-image\" alt=\"IMG_2847\" src=\"http:\/\/hosenseidl.com\/wp\/wp-content\/plugins\/ultimate-responsive-image-slider\/assets\/css\/images\/blank.gif\" data-src=\"http:\/\/hosenseidl.com\/wp\/wp-content\/uploads\/2022\/01\/IMG_2847-1.jpg\" \/>\r\n\r\n\t\t\t\t\t\t\t\r\n\t\t\t\t\t\t\t\t\t\t\t\t\t<\/div>\r\n\t\t\t\t\t\t\t\t\t\t\t\t<div class=\"sp-slide\">\r\n\t\t\t\t\t\t\t<img class=\"sp-image\" alt=\"IMG_2850\" src=\"http:\/\/hosenseidl.com\/wp\/wp-content\/plugins\/ultimate-responsive-image-slider\/assets\/css\/images\/blank.gif\" data-src=\"http:\/\/hosenseidl.com\/wp\/wp-content\/uploads\/2022\/01\/IMG_2850-1-rotated.jpg\" \/>\r\n\r\n\t\t\t\t\t\t\t\r\n\t\t\t\t\t\t\t\t\t\t\t\t\t<\/div>\r\n\t\t\t\t\t\t\t\t\t<\/div>\r\n\t\t\t\r\n\t\t\t<!---- slides div end ---->\r\n\t\t\t\t\t\t<!-- slides thumbnails div start -->\r\n\t\t\t<div class=\"sp-thumbnails\">\r\n\t\t\t\t\t\t\t\t\t\t<img class=\"sp-thumbnail\" src=\"http:\/\/hosenseidl.com\/wp\/wp-content\/plugins\/ultimate-responsive-image-slider\/assets\/img\/loading.gif\" data-src=\"http:\/\/hosenseidl.com\/wp\/wp-content\/uploads\/2021\/11\/DSCF0730-300x200.jpg\" alt=\"Solar-Chalet Lichtblick\"\/>\r\n\t\t\t\t\t\t\t\t\t\t\t<img class=\"sp-thumbnail\" src=\"http:\/\/hosenseidl.com\/wp\/wp-content\/plugins\/ultimate-responsive-image-slider\/assets\/img\/loading.gif\" data-src=\"http:\/\/hosenseidl.com\/wp\/wp-content\/uploads\/2020\/03\/7C921910-8EDB-4D7D-9687-526918357AE2-300x200.jpeg\" alt=\"Balkon\"\/>\r\n\t\t\t\t\t\t\t\t\t\t\t<img class=\"sp-thumbnail\" src=\"http:\/\/hosenseidl.com\/wp\/wp-content\/plugins\/ultimate-responsive-image-slider\/assets\/img\/loading.gif\" data-src=\"http:\/\/hosenseidl.com\/wp\/wp-content\/uploads\/2021\/11\/DSCF0739-300x200.jpg\" alt=\"DSCF0739\"\/>\r\n\t\t\t\t\t\t\t\t\t\t\t<img class=\"sp-thumbnail\" src=\"http:\/\/hosenseidl.com\/wp\/wp-content\/plugins\/ultimate-responsive-image-slider\/assets\/img\/loading.gif\" data-src=\"http:\/\/hosenseidl.com\/wp\/wp-content\/uploads\/2022\/01\/IMG_2847-1-300x225.jpg\" alt=\"IMG_2847\"\/>\r\n\t\t\t\t\t\t\t\t\t\t\t<img class=\"sp-thumbnail\" src=\"http:\/\/hosenseidl.com\/wp\/wp-content\/plugins\/ultimate-responsive-image-slider\/assets\/img\/loading.gif\" data-src=\"http:\/\/hosenseidl.com\/wp\/wp-content\/uploads\/2022\/01\/IMG_2850-1-300x225.jpg\" alt=\"IMG_2850\"\/>\r\n\t\t\t\t\t\t\t\t<\/div>\r\n\t\t\t\t\t\t<!-- slides thumbnails div end -->\r\n\t\t<\/div>\r\n<\/p>\n\n\n\n<p>Der <strong>Eingangsbereich<\/strong> im EG bietet Platz f\u00fcr Ihre Ausr\u00fcstung. Hier k\u00f6nnen Sie Obst und Gem\u00fcse k\u00fchl lagern und hier finden Sie eine kleine Gefrierbox. Neben einem Waschbecken steht Ihnen eine Wasch- und Trockenmaschine zur Verf\u00fcgung.<\/p>\n\n\n\n<p>Im anschlie\u00dfenden Flur haben Sie viel Platz f\u00fcr Ihre Garderobe und eine Sitzbank f\u00fcr den Schuhwechsel; in einem Schrank befindet sich der Boiler f\u00fcr 300 l Warmwasser (im Sparbetrieb wahlweise 100 l) und der Staubsauger; der Schrank unter der Wendeltreppe enth\u00e4lt Frottierw\u00e4sche: Waschlappen, Hand- und Duscht\u00fccher, Badematten.<br>Neben dem Garderobenspiegel gibt es eine Infotafel und die Schl\u00fcssel f\u00fcr Z\u00e4hlerschrank und Postfach.<\/p>\n\n\n\n<p>Im EG gibt es zwei <strong>Schlafzimmer<\/strong>: ein Doppelzimmer mit Paarbetten, die man aber auch getrennt stellen kann, und ein Schlafzimmer mit Einzelbetten (nicht verschiebbar) f\u00fcr zwei (vier) Personen. Ein gem\u00fctlicher, dicker Wollteppich sorgt f\u00fcr warme F\u00fc\u00dfe. Die Betten sind gr\u00f6\u00dftenteils mit Lattenrosten, sehr guten Matratzen und Daunenbetten ausgestattet. In jedem Schlafzimmer gibt es einen gro\u00dfen Wandschrank mit Bettw\u00e4sche und reichlich Stauraum, Kleiderhaken und f\u00fcr jedes Bett eine Ablage und eine Leselampe.<\/p>\n\n\n\n<p>Das <strong>Bad<\/strong> im EG verf\u00fcgt \u00fcber ein WC, ein XL-Waschbecken, eine Dusche, eine Fu\u00dfbodenheizung und reichlich Haken und Ablagen. Daneben gibt es ein separates WC mit Waschbecken. F\u00fcr die ganz Kleinen gibt es ein Paidi-Holzklappbett (60\/120, mit Bettzeug) und einen Hochstuhl(auf Anfrage).<\/p>\n\n\n\n<p>Eine Wendeltreppe f\u00fchrt ins Obergescho\u00df, das aus einem gro\u00dfen, gegliederten Raum besteht: zun\u00e4chst die u-f\u00f6rmige <strong>K\u00fcche<\/strong> mit 4-Platten-Glaskeramik-Kochfeld, mit Backofen und Abzug, einer riesigen Sp\u00fcle, Geschirrsp\u00fcler, vielen Kleinger\u00e4ten; Geschirr, Besteck und Gl\u00e4sern f\u00fcr ca. 12 Personen, dazu viel Stauraum f\u00fcr Ihren pers\u00f6nlichen Vorrat.<\/p>\n\n\n\n<p>An dem daran anschlie\u00dfenden <strong>E\u00dfplatz<\/strong> finden bequem acht Personen Platz.<\/p>\n\n\n\n<p>Im <strong>Wohnbereich<\/strong> gibt es eine Sitzgruppe f\u00fcr 5 und mehr Personen, ein weiteres Sofa, davor ein Spielteppich (Bauklotzwagen), dazu gef\u00fcllte B\u00fccherregale (auch Wanderb\u00fccher und -karten) und Spiele. \u00dcber ein hochwertiges Stereoradio mit CD-Player und vielen CDs (meist E-Musik) und ein 26 Zoll-Flachbildschirm-TVGer\u00e4t (\u00fcber je 32 Radio- und TV-Programme -deutsch-franz.-ital.-engl. eingespeist \u00fcber DIGITnet) k\u00f6nnen Sie sich informieren bzw. unterhalten lassen. Dazu gibt es einen DVD-Player und eine gro\u00dfe Filmsammlung. Mit dem Swisscom-Festnetzanschlu\u00df k\u00f6nnen Sie telefonieren oder mit Ihrem Ger\u00e4t ins WWW (Abrechnung nach Verbrauch; auf der Seite www.ig-lauchernalp.ch finden Sie unter &#8222;Infos&#8220; Hinweise f\u00fcr einen g\u00fcnstigen Internetzugang).<\/p>\n\n\n\n<p>Wohn- und Schlafbereich haben Teppichb\u00f6den, zus\u00e4tzliche Teppiche bei den Sitzgruppen und in denSchlafzimmern sorgen f\u00fcr gen\u00fcgend Fu\u00dfw\u00e4rme.<br>Jeder Raum verf\u00fcgt \u00fcber ausreichende Heizkapazit\u00e4t (einzeln regulierbare elektrische Direktheizungen, im Wohnbereich zentrale Regulierung, Strom-Abrechnung nach Verbrauch).<\/p>\n\n\n\n<p><meta charset=\"utf-8\"><\/p>\n\n\n\n<h2>Ausstattung<\/h2>\n\n\n\n<p>Das Haus ist in jeder Hinsicht gro\u00dfz\u00fcgig ausgestattet:<meta charset=\"utf-8\"><\/p>\n\n\n\n<ul><li>gepflegtes solides Mobiliar,<\/li><li>gute Matratzen und gepflegtes Bettzeug,<\/li><li>Wasch\/Trockenmaschine,Bett-, Tisch-, K\u00fcchen- und Bad-W\u00e4sche,<\/li><li>K\u00fchlschrank und Tiefk\u00fchlbox,Herd mit 4 Kochstellen (Glaskeramik), Backofen und Abzug,<\/li><li>gro\u00dfe Sp\u00fcle, Geschirrsp\u00fcler,<\/li><li>Kaffeemaschine, Toaster, Fonduerechaud,<\/li><li>Handmixer, Kuchenformen, u.v.a.,<\/li><li>reichlich T\u00f6pfe, Dampfkocht\u00f6pfe, Pfannen,<\/li><li>Geschirr und Gl\u00e4ser einheitlich f\u00fcr ca. 12 Personen.<\/li><li>Eine (je nach Verbrauch zu erg\u00e4nzende) Grundausstattung an Lebensmitteln, <\/li><li>\u00fcbliche Reinigungsmittel inkl. Wasch- und Maschinensp\u00fclmittel.<\/li><li>Radio (mit CD-Teil),<\/li><li>Fernsehger\u00e4t (Flachbildschirm, mit DVD, DVD-Bibliothek).<\/li><li>F\u00fcr den Balkon gibt es Markise, Schirm, B\u00e4nke, Sessel, Tische.<\/li><\/ul>\n\n\n\n<p><meta charset=\"utf-8\">Das gesamte Haus ist Nichtraucherzone!<\/p>\n","protected":false},"excerpt":{"rendered":"<p>Das Chalet liegt auf der Sonnenterrasse Lauchernalp im L\u00f6tschental (Wallis, Schweiz). Nach umfangreichen Umbauma\u00dfnahmen, erscheint dies nun in neuem Glanz. Eine Photovoltaik-Anlage versorgt Sie in Ihrem Urlaub mit Strom und der gro\u00dfe Balkon l\u00e4dt zum verweilen an der frischen Luft ein. Der Eingangsbereich im EG bietet Platz f\u00fcr Ihre Ausr\u00fcstung. Hier k\u00f6nnen Sie Obst und &hellip; <\/p>\n<p class=\"link-more\"><a href=\"http:\/\/hosenseidl.com\/?p=210\" class=\"more-link\">Mehr <span class=\"screen-reader-text\">\u00fcber &#8222;Haus&#8220; <\/span>Lesen<\/a><\/p>\n","protected":false},"author":1,"featured_media":0,"parent":0,"menu_order":0,"comment_status":"closed","ping_status":"closed","template":"","meta":[],"_links":{"self":[{"href":"http:\/\/hosenseidl.com\/index.php?rest_route=\/wp\/v2\/pages\/2"}],"collection":[{"href":"http:\/\/hosenseidl.com\/index.php?rest_route=\/wp\/v2\/pages"}],"about":[{"href":"http:\/\/hosenseidl.com\/index.php?rest_route=\/wp\/v2\/types\/page"}],"author":[{"embeddable":true,"href":"http:\/\/hosenseidl.com\/index.php?rest_route=\/wp\/v2\/users\/1"}],"replies":[{"embeddable":true,"href":"http:\/\/hosenseidl.com\/index.php?rest_route=%2Fwp%2Fv2%2Fcomments&post=2"}],"version-history":[{"count":19,"href":"http:\/\/hosenseidl.com\/index.php?rest_route=\/wp\/v2\/pages\/2\/revisions"}],"predecessor-version":[{"id":307,"href":"http:\/\/hosenseidl.com\/index.php?rest_route=\/wp\/v2\/pages\/2\/revisions\/307"}],"wp:attachment":[{"href":"http:\/\/hosenseidl.com\/index.php?rest_route=%2Fwp%2Fv2%2Fmedia&parent=2"}],"curies":[{"name":"wp","href":"https:\/\/api.w.org\/{rel}","templated":true}]}}